{"id":1333,"date":"2021-10-21T16:48:36","date_gmt":"2021-10-21T21:48:36","guid":{"rendered":"https:\/\/deermx.com\/development\/%d0%b4%d0%be%d0%bc\/"},"modified":"2025-01-14T20:22:21","modified_gmt":"2025-01-15T02:22:21","slug":"%d0%b4%d0%be%d0%bc","status":"publish","type":"page","link":"https:\/\/deermx.com\/ru\/","title":{"rendered":"\u0418\u043d\u0438\u0447\u0438\u043e"},"content":{"rendered":"<p>Sitio oficial de DeerMX. Podr\u00e1s encontrar noticias, m\u00fasica, videos, fotos y podr\u00e1s estar al tanto de nuestras pr\u00f3ximas fechas.<\/p>\n","protected":false},"excerpt":{"rendered":"<p>Sitio oficial de DeerMX. Podr\u00e1s encontrar noticias, m\u00fasica, videos, fotos y podr\u00e1s estar al tanto de nuestras pr\u00f3ximas fechas.<\/p>\n","protected":false},"author":1,"featured_media":0,"parent":0,"menu_order":0,"comment_status":"closed","ping_status":"closed","template":"template-menu.php","meta":{"footnotes":""},"class_list":["post-1333","page","type-page","status-publish","hentry"],"_links":{"self":[{"href":"https:\/\/deermx.com\/ru\/wp-json\/wp\/v2\/pages\/1333","targetHints":{"allow":["GET"]}}],"collection":[{"href":"https:\/\/deermx.com\/ru\/wp-json\/wp\/v2\/pages"}],"about":[{"href":"https:\/\/deermx.com\/ru\/wp-json\/wp\/v2\/types\/page"}],"author":[{"embeddable":true,"href":"https:\/\/deermx.com\/ru\/wp-json\/wp\/v2\/users\/1"}],"replies":[{"embeddable":true,"href":"https:\/\/deermx.com\/ru\/wp-json\/wp\/v2\/comments?post=1333"}],"version-history":[{"count":3,"href":"https:\/\/deermx.com\/ru\/wp-json\/wp\/v2\/pages\/1333\/revisions"}],"predecessor-version":[{"id":2493,"href":"https:\/\/deermx.com\/ru\/wp-json\/wp\/v2\/pages\/1333\/revisions\/2493"}],"wp:attachment":[{"href":"https:\/\/deermx.com\/ru\/wp-json\/wp\/v2\/media?parent=1333"}],"curies":[{"name":"wp","href":"https:\/\/api.w.org\/{rel}","templated":true}]}}